{"id":1314,"date":"2022-03-23T03:21:09","date_gmt":"2022-03-23T03:21:09","guid":{"rendered":"https:\/\/lvgm.com.br\/web\/?page_id=1314"},"modified":"2022-05-11T20:33:02","modified_gmt":"2022-05-11T20:33:02","slug":"home","status":"publish","type":"page","link":"https:\/\/lvgm.com.br\/web\/","title":{"rendered":"Home"},"content":{"rendered":"<p>[et_pb_section fb_built=&#8221;1&#8243; _builder_version=&#8221;4.14.7&#8243; _module_preset=&#8221;default&#8221; custom_padding=&#8221;0px||0px||false|false&#8221; global_colors_info=&#8221;{}&#8221;][et_pb_row _builder_version=&#8221;4.14.7&#8243; _module_preset=&#8221;default&#8221; width=&#8221;100%&#8221; max_width=&#8221;100%&#8221; custom_padding=&#8221;0px||0px||false|false&#8221; global_colors_info=&#8221;{}&#8221;][et_pb_column type=&#8221;4_4&#8243; _builder_version=&#8221;4.14.7&#8243; _module_preset=&#8221;default&#8221; global_colors_info=&#8221;{}&#8221;][et_pb_slider _builder_version=&#8221;4.14.7&#8243; _module_preset=&#8221;default&#8221; custom_padding=&#8221;345px||346px|||&#8221; animation_style=&#8221;fold&#8221; animation_duration=&#8221;550ms&#8221; auto=&#8221;on&#8221; auto_ignore_hover=&#8221;on&#8221; global_colors_info=&#8221;{}&#8221;][et_pb_slide _builder_version=&#8221;4.14.7&#8243; _module_preset=&#8221;default&#8221; background_enable_color=&#8221;off&#8221; background_image=&#8221;https:\/\/lvgm.com.br\/web\/wp-content\/uploads\/2022\/04\/FOTOGRAFIAS-PRONTAS-SITE-2-06-scaled.jpg&#8221; background_enable_image=&#8221;on&#8221; global_colors_info=&#8221;{}&#8221; sticky_transition=&#8221;on&#8221;][\/et_pb_slide][et_pb_slide _builder_version=&#8221;4.14.7&#8243; _module_preset=&#8221;default&#8221; background_enable_color=&#8221;off&#8221; background_image=&#8221;https:\/\/lvgm.com.br\/web\/wp-content\/uploads\/2022\/04\/FOTOGRAFIAS-PRONTAS-SITE-2-12_editado.jpg&#8221; background_enable_image=&#8221;on&#8221; global_colors_info=&#8221;{}&#8221; sticky_transition=&#8221;on&#8221;][\/et_pb_slide][et_pb_slide _builder_version=&#8221;4.14.7&#8243; _module_preset=&#8221;default&#8221; background_enable_color=&#8221;off&#8221; background_image=&#8221;https:\/\/lvgm.com.br\/web\/wp-content\/uploads\/2022\/04\/FOTOGRAFIAS-PRONTAS-SITE-4-02_editado.jpg&#8221; background_enable_image=&#8221;on&#8221; global_colors_info=&#8221;{}&#8221; sticky_transition=&#8221;on&#8221;][\/et_pb_slide][et_pb_slide _builder_version=&#8221;4.14.7&#8243; _module_preset=&#8221;default&#8221; background_enable_color=&#8221;off&#8221; background_image=&#8221;https:\/\/lvgm.com.br\/web\/wp-content\/uploads\/2022\/04\/FOTOGRAFIAS-PRONTAS-SITE-3-06_editado.jpg&#8221; background_enable_image=&#8221;on&#8221; background_position=&#8221;bottom_center&#8221; global_colors_info=&#8221;{}&#8221; sticky_transition=&#8221;on&#8221;][\/et_pb_slide][et_pb_slide _builder_version=&#8221;4.14.7&#8243; _module_preset=&#8221;default&#8221; background_enable_color=&#8221;off&#8221; background_image=&#8221;https:\/\/lvgm.com.br\/web\/wp-content\/uploads\/2022\/04\/FOTOGRAFIAS-PRONTAS-SITE-19_editado.jpg&#8221; background_enable_image=&#8221;on&#8221; global_colors_info=&#8221;{}&#8221; sticky_transition=&#8221;on&#8221;][\/et_pb_slide][\/et_pb_slider][\/et_pb_column][\/et_pb_row][\/et_pb_section][et_pb_section fb_built=&#8221;1&#8243; specialty=&#8221;on&#8221; _builder_version=&#8221;4.14.7&#8243; _module_preset=&#8221;default&#8221; global_colors_info=&#8221;{}&#8221;][et_pb_column type=&#8221;1_2&#8243; _builder_version=&#8221;3.25&#8243; custom_padding=&#8221;|||&#8221; global_colors_info=&#8221;{}&#8221; custom_padding__hover=&#8221;|||&#8221;][dsm_image_hover_reveal image_reveal_animation=&#8221;vert-slide-up&#8221; src=&#8221;https:\/\/lvgm.com.br\/web\/wp-content\/uploads\/2022\/05\/escada.png&#8221; image_reveal_height=&#8221;699px&#8221; admin_label=&#8221;FOTO DA ESCADA&#8221; _builder_version=&#8221;4.14.7&#8243; _module_preset=&#8221;default&#8221; animation_style=&#8221;flip&#8221; link_option_url=&#8221;https:\/\/lvgm.com.br\/web\/project\/projetos-especiais\/&#8221; global_colors_info=&#8221;{}&#8221;][\/dsm_image_hover_reveal][\/et_pb_column][et_pb_column type=&#8221;1_2&#8243; specialty_columns=&#8221;2&#8243; _builder_version=&#8221;3.25&#8243; custom_padding=&#8221;|||&#8221; global_colors_info=&#8221;{}&#8221; custom_padding__hover=&#8221;|||&#8221;][et_pb_row_inner _builder_version=&#8221;4.14.7&#8243; _module_preset=&#8221;default&#8221; animation_style=&#8221;slide&#8221; global_colors_info=&#8221;{}&#8221;][et_pb_column_inner saved_specialty_column_type=&#8221;1_2&#8243; _builder_version=&#8221;4.14.7&#8243; _module_preset=&#8221;default&#8221; global_colors_info=&#8221;{}&#8221;][et_pb_text _builder_version=&#8221;4.14.7&#8243; _module_preset=&#8221;default&#8221; text_font=&#8221;Asap Condensed|600|||||||&#8221; text_font_size=&#8221;31px&#8221; global_colors_info=&#8221;{}&#8221;]<\/p>\n<p>Projetos Especiais<\/p>\n<p>[\/et_pb_text][et_pb_text _builder_version=&#8221;4.14.7&#8243; _module_preset=&#8221;default&#8221; text_font=&#8221;Montserrat|300|||||||&#8221; global_colors_info=&#8221;{}&#8221;]<\/p>\n<p>Sofistica\u00e7\u00e3o, eleg\u00e2ncia e\u00a0 equil\u00edbrio seguindo os princ\u00edpios da arquitetura rompendo os limites da imagina\u00e7\u00e3o.<\/p>\n<p>[\/et_pb_text][\/et_pb_column_inner][\/et_pb_row_inner][et_pb_row_inner _builder_version=&#8221;4.14.7&#8243; _module_preset=&#8221;default&#8221; global_colors_info=&#8221;{}&#8221;][et_pb_column_inner saved_specialty_column_type=&#8221;1_2&#8243; _builder_version=&#8221;4.14.7&#8243; _module_preset=&#8221;default&#8221; global_colors_info=&#8221;{}&#8221;][dsm_tilt_image src=&#8221;https:\/\/lvgm.com.br\/web\/wp-content\/uploads\/2022\/05\/mesa.jpg&#8221; title_text=&#8221;mesa&#8221; url=&#8221;https:\/\/lvgm.com.br\/web\/project\/sala-de-estar\/&#8221; dsm_tilt_scale=&#8221;1.1&#8243; dsm_tilt_max=&#8221;0&#8243; dsm_use_glare=&#8221;on&#8221; use_overlay=&#8221;on&#8221; icon=&#8221;&#xe050;||divi||400&#8243; dsm_overlay_title=&#8221;SALA DE ESTAR&#8221; dsm_overlay_on_hover=&#8221;on&#8221; admin_label=&#8221;FOTO DA MESA&#8221; _builder_version=&#8221;4.14.7&#8243; _module_preset=&#8221;default&#8221; header_font=&#8221;|300|||||||&#8221; animation_style=&#8221;zoom&#8221; global_colors_info=&#8221;{}&#8221;][\/dsm_tilt_image][\/et_pb_column_inner][\/et_pb_row_inner][\/et_pb_column][\/et_pb_section][et_pb_section fb_built=&#8221;1&#8243; fullwidth=&#8221;on&#8221; _builder_version=&#8221;4.14.7&#8243; _module_preset=&#8221;default&#8221; background_color=&#8221;#FFFFFF&#8221; animation_style=&#8221;bounce&#8221; global_colors_info=&#8221;{}&#8221;][et_pb_fullwidth_portfolio include_categories=&#8221;all&#8221; show_date=&#8221;off&#8221; zoom_icon_color=&#8221;#FFFFFF&#8221; hover_overlay_color=&#8221;rgba(0,0,0,0.59)&#8221; hover_icon=&#8221;&#xf067;||fa||900&#8243; _builder_version=&#8221;4.14.7&#8243; _module_preset=&#8221;default&#8221; portfolio_header_text_color=&#8221;#FFFFFF&#8221; title_font=&#8221;Montserrat|300|||||||&#8221; title_text_color=&#8221;#FFFFFF&#8221; background_layout=&#8221;dark&#8221; width=&#8221;100%&#8221; custom_margin=&#8221;||||false|false&#8221; custom_padding=&#8221;||||false|false&#8221; auto=&#8221;on&#8221; global_colors_info=&#8221;{}&#8221;][\/et_pb_fullwidth_portfolio][\/et_pb_section][et_pb_section fb_built=&#8221;1&#8243; specialty=&#8221;on&#8221; _builder_version=&#8221;4.14.7&#8243; _module_preset=&#8221;default&#8221; background_color=&#8221;#f9f9f9&#8243; global_colors_info=&#8221;{}&#8221;][et_pb_column type=&#8221;1_2&#8243; specialty_columns=&#8221;2&#8243; _builder_version=&#8221;3.25&#8243; custom_padding=&#8221;|||&#8221; global_colors_info=&#8221;{}&#8221; custom_padding__hover=&#8221;|||&#8221;][et_pb_row_inner _builder_version=&#8221;4.14.7&#8243; _module_preset=&#8221;default&#8221; custom_padding=&#8221;||6px|||&#8221; animation_style=&#8221;slide&#8221; global_colors_info=&#8221;{}&#8221;][et_pb_column_inner saved_specialty_column_type=&#8221;1_2&#8243; _builder_version=&#8221;4.14.7&#8243; _module_preset=&#8221;default&#8221; global_colors_info=&#8221;{}&#8221;][et_pb_text _builder_version=&#8221;4.14.7&#8243; _module_preset=&#8221;default&#8221; text_font=&#8221;Asap Condensed|600|||||||&#8221; text_font_size=&#8221;31px&#8221; global_colors_info=&#8221;{}&#8221;]<\/p>\n<p>Acabamento Fino<\/p>\n<p>[\/et_pb_text][et_pb_text _builder_version=&#8221;4.14.7&#8243; _module_preset=&#8221;default&#8221; text_font=&#8221;Montserrat|300|||||||&#8221; hover_enabled=&#8221;0&#8243; global_colors_info=&#8221;{}&#8221; sticky_enabled=&#8221;0&#8243;]<\/p>\n<p>O Fino Acabamento para n\u00f3s da Living M\u00f3veis Especiais traduz a dedica\u00e7\u00e3o e o\u00a0 carinho a cada etapa da pe\u00e7a, desde a concep\u00e7\u00e3o do projeto at\u00e9 o mais minucioso detalhe.<\/p>\n<p>Cuidando de cada, detalhe conectando a paix\u00e3o ao resultado de forma \u00fanica entre n\u00f3s e nossos clientes. Constru\u00edmos experi\u00eancias de vida exclusiva, sofisticada e merecida.<\/p>\n<p>[\/et_pb_text][\/et_pb_column_inner][\/et_pb_row_inner][et_pb_row_inner _builder_version=&#8221;4.14.7&#8243; _module_preset=&#8221;default&#8221; custom_padding=&#8221;14px|||||&#8221; animation_style=&#8221;flip&#8221; global_colors_info=&#8221;{}&#8221;][et_pb_column_inner saved_specialty_column_type=&#8221;1_2&#8243; _builder_version=&#8221;4.14.7&#8243; _module_preset=&#8221;default&#8221; global_colors_info=&#8221;{}&#8221;][dsm_tilt_image src=&#8221;https:\/\/lvgm.com.br\/web\/wp-content\/uploads\/2022\/04\/9.jpeg&#8221; title_text=&#8221;9&#8243; url=&#8221;https:\/\/lvgm.com.br\/web\/residencial\/&#8221; dsm_tilt_scale=&#8221;1.1&#8243; dsm_tilt_max=&#8221;0&#8243; dsm_use_glare=&#8221;on&#8221; use_overlay=&#8221;on&#8221; dsm_overlay_title=&#8221;VER MAIS&#8230;&#8221; dsm_overlay_on_hover=&#8221;on&#8221; _builder_version=&#8221;4.14.7&#8243; _module_preset=&#8221;default&#8221; header_font=&#8221;|300|||||||&#8221; custom_margin=&#8221;10px|||||&#8221; global_colors_info=&#8221;{}&#8221;][\/dsm_tilt_image][\/et_pb_column_inner][\/et_pb_row_inner][\/et_pb_column][et_pb_column type=&#8221;1_2&#8243; _builder_version=&#8221;3.25&#8243; custom_padding=&#8221;|||&#8221; global_colors_info=&#8221;{}&#8221; custom_padding__hover=&#8221;|||&#8221;][dsm_image_hover_reveal image_reveal_animation=&#8221;vert-slide-up&#8221; src=&#8221;https:\/\/lvgm.com.br\/web\/wp-content\/uploads\/2022\/04\/15.jpeg&#8221; image_reveal_height=&#8221;699px&#8221; _builder_version=&#8221;4.14.7&#8243; _module_preset=&#8221;default&#8221; animation_style=&#8221;fold&#8221; global_colors_info=&#8221;{}&#8221;][\/dsm_image_hover_reveal][\/et_pb_column][\/et_pb_section][et_pb_section fb_built=&#8221;1&#8243; specialty=&#8221;on&#8221; _builder_version=&#8221;4.14.7&#8243; _module_preset=&#8221;default&#8221; background_image=&#8221;https:\/\/lvgm.com.br\/web\/wp-content\/uploads\/2022\/04\/site_living_bg_book.jpg&#8221; parallax=&#8221;on&#8221; parallax_method=&#8221;off&#8221; animation_style=&#8221;slide&#8221; animation_direction=&#8221;top&#8221; global_module=&#8221;1732&#8243; saved_tabs=&#8221;all&#8221; global_colors_info=&#8221;{}&#8221;][et_pb_column type=&#8221;1_2&#8243; _builder_version=&#8221;3.25&#8243; custom_padding=&#8221;|||&#8221; global_colors_info=&#8221;{}&#8221; custom_padding__hover=&#8221;|||&#8221;][et_pb_image src=&#8221;https:\/\/lvgm.com.br\/web\/wp-content\/uploads\/2022\/04\/site_living_book.png&#8221; title_text=&#8221;site_living_book&#8221; _builder_version=&#8221;4.14.7&#8243; _module_preset=&#8221;default&#8221; global_colors_info=&#8221;{}&#8221;][\/et_pb_image][\/et_pb_column][et_pb_column type=&#8221;1_2&#8243; specialty_columns=&#8221;2&#8243; _builder_version=&#8221;3.25&#8243; custom_padding=&#8221;|||&#8221; global_colors_info=&#8221;{}&#8221; custom_padding__hover=&#8221;|||&#8221;][et_pb_row_inner column_structure=&#8221;undefined&#8221; _builder_version=&#8221;4.14.7&#8243; _module_preset=&#8221;default&#8221; background_enable_color=&#8221;off&#8221; custom_margin=&#8221;30px||||false|false&#8221; custom_padding=&#8221;100px|50px|70px|50px|false|false&#8221; module_alignment_tablet=&#8221;&#8221; module_alignment_phone=&#8221;center&#8221; module_alignment_last_edited=&#8221;on|phone&#8221; global_colors_info=&#8221;{}&#8221;][et_pb_column_inner type=&#8221;undefined&#8221; saved_specialty_column_type=&#8221;1_2&#8243; _builder_version=&#8221;4.14.7&#8243; _module_preset=&#8221;default&#8221; global_colors_info=&#8221;{}&#8221;][et_pb_text _builder_version=&#8221;4.14.7&#8243; _module_preset=&#8221;default&#8221; text_font=&#8221;Asap Condensed|600|||||||&#8221; text_font_size=&#8221;34px&#8221; text_line_height=&#8221;40px&#8221; global_colors_info=&#8221;{}&#8221;]<\/p>\n<p>Cadastre-se e receba<br \/>o nosso E-book!<\/p>\n<p>[\/et_pb_text][et_pb_text _builder_version=&#8221;4.14.7&#8243; _module_preset=&#8221;default&#8221; text_font=&#8221;Montserrat|300|||||||&#8221; text_font_size=&#8221;21px&#8221; global_colors_info=&#8221;{}&#8221;]<\/p>\n<p>Voc\u00ea j\u00e1 conhece os trabalhos<br \/>realizados pela Living M\u00f3veis Especiais?<\/p>\n<p>Preencha os campos e<br \/>baixe agora o e-book!<\/p>\n<p><em><strong>(*)Verifique tamb\u00e9m sua &#8220;caixa de spam&#8221;<\/strong><\/em><\/p>\n<p>[\/et_pb_text][et_pb_button button_url=&#8221;#cadastre&#8221; button_text=&#8221;Baixe Gr\u00e1tis!&#8221; _builder_version=&#8221;4.14.7&#8243; _module_preset=&#8221;default&#8221; global_colors_info=&#8221;{}&#8221;][\/et_pb_button][\/et_pb_column_inner][\/et_pb_row_inner][\/et_pb_column][\/et_pb_section][et_pb_section fb_built=&#8221;1&#8243; _builder_version=&#8221;4.14.7&#8243; _module_preset=&#8221;default&#8221; custom_padding=&#8221;||15px|||&#8221; global_colors_info=&#8221;{}&#8221;][et_pb_row _builder_version=&#8221;4.14.7&#8243; _module_preset=&#8221;default&#8221; global_colors_info=&#8221;{}&#8221;][et_pb_column type=&#8221;4_4&#8243; _builder_version=&#8221;4.14.7&#8243; _module_preset=&#8221;default&#8221; global_colors_info=&#8221;{}&#8221;][et_pb_text _builder_version=&#8221;4.14.7&#8243; _module_preset=&#8221;default&#8221; text_font=&#8221;Asap Condensed|600|||||||&#8221; text_font_size=&#8221;31px&#8221; global_colors_info=&#8221;{}&#8221;]<\/p>\n<p style=\"text-align: center;\">Inspire-se!<\/p>\n<p>[\/et_pb_text][dsm_blog_carousel excerpt_length=&#8221;20&#8243; use_date=&#8221;off&#8221; use_author=&#8221;off&#8221; use_readmore=&#8221;on&#8221; readmore_text=&#8221;Ver mais&#8230;&#8221; _builder_version=&#8221;4.14.7&#8243; _module_preset=&#8221;default&#8221; title_font=&#8221;Montserrat||||||||&#8221; body_font=&#8221;Montserrat|300|||||||&#8221; global_colors_info=&#8221;{}&#8221;][\/dsm_blog_carousel][\/et_pb_column][\/et_pb_row][et_pb_row _builder_version=&#8221;4.14.7&#8243; _module_preset=&#8221;default&#8221; custom_padding=&#8221;7px|||||&#8221; global_colors_info=&#8221;{}&#8221;][et_pb_column type=&#8221;4_4&#8243; _builder_version=&#8221;4.14.7&#8243; _module_preset=&#8221;default&#8221; global_colors_info=&#8221;{}&#8221;][et_pb_text _builder_version=&#8221;4.14.7&#8243; _module_preset=&#8221;default&#8221; text_font=&#8221;Asap Condensed|600|||||||&#8221; text_font_size=&#8221;31px&#8221; custom_margin=&#8221;||19px|||&#8221; global_colors_info=&#8221;{}&#8221;]<\/p>\n<p style=\"text-align: center;\">Instagram<\/p>\n<p>[\/et_pb_text][et_pb_code _builder_version=&#8221;4.14.7&#8243; _module_preset=&#8221;default&#8221; global_colors_info=&#8221;{}&#8221;][instagram-feed feed=1][\/et_pb_code][\/et_pb_column][\/et_pb_row][\/et_pb_section][et_pb_section fb_built=&#8221;1&#8243; fullwidth=&#8221;on&#8221; _builder_version=&#8221;4.14.7&#8243; _module_preset=&#8221;default&#8221; background_image=&#8221;https:\/\/lvgm.com.br\/web\/wp-content\/uploads\/2022\/04\/6-1.jpeg&#8221; parallax=&#8221;on&#8221; parallax_method=&#8221;off&#8221; custom_padding=&#8221;300px||300px||false|false&#8221; filter_opacity=&#8221;39%&#8221; global_module=&#8221;1734&#8243; saved_tabs=&#8221;all&#8221; global_colors_info=&#8221;{}&#8221;][\/et_pb_section]<\/p>\n","protected":false},"excerpt":{"rendered":"<p><div class=\"et_pb_module dsm_image_hover_reveal dsm_image_hover_reveal_0 et_animated et_clickable\">\n\t\t\t\t\n\t\t\t\t\n\t\t\t\t\n\t\t\t\t\n\t\t\t\t<div class=\"et_pb_module_inner\">\n\t\t\t\t\t<div class=\"dsm-image-reveal\">\n\t\t\t\t\n\t\t\t\t\n\t\t\t\t<span class=\"et_pb_image_wrap vert-slide-up\" data-columnss=\"5\"><span class=\"dsm-image-reveal-back\"><\/span><\/span>\n\t\t\t<\/div>\n\t\t\t\t<\/div>\n\t\t\t<\/div>Projetos EspeciaisSofistica\u00e7\u00e3o, eleg\u00e2ncia e\u00a0 equil\u00edbrio seguindo os princ\u00edpios da arquitetura rompendo os limites da imagina\u00e7\u00e3o.<div class=\"et_pb_module dsm_tilt_image dsm_tilt_image_0 et_animated et-waypoint\">\n\t\t\t\t\n\t\t\t\t\n\t\t\t\t\n\t\t\t\t\n\t\t\t\t<div class=\"et_pb_module_inner\">\n\t\t\t\t\t<a class=\"dsm-tilt-image-wrapper et_pb_has_overlay dsm_overlay_on_hover dsm_tilt_image_link\" data-tilt data-tilt-max=\"0\" data-tilt-speed=\"300\" data-tilt-perspective=\"1000\" data-tilt-scale=\"1.1\" data-tilt-mobile-disable=\"off\" data-tilt-glare data-tilt-max-glare=1 data-tilt-reverse=\"true\" href=\"https:\/\/lvgm.com.br\/web\/project\/sala-de-estar\/\">\n\t\t\t\t\n\t\t\t\t\n\t\t\t\t<span class=\"et_pb_image_wrap \"><img src=\"https:\/\/lvgm.com.br\/web\/wp-content\/uploads\/2022\/05\/mesa.jpg\" alt=\"\" title=\"mesa\" \/><div class=\"dsm_tilt_overlay et_pb_bg_layout_dark et_pb_text_align_center\">\n\t\t\t\t\t<div class=\"dsm_tilt_overlay_wrapper\">\n\t\t\t\t\t\t<span class=\"et-pb-icon\">&#xe050;<\/span>\n\t\t\t\t\t\t<h3 class=\"dsm_tilt_overlay_title\"><span>SALA DE ESTAR<\/span><\/h3>\n\t\t\t\t\t\t\n\t\t\t\t\t<\/div>\n\t\t\t\t<\/div><\/span>\n\t\t\t<\/a>\n\t\t\t\t<\/div>\n\t\t\t<\/div>Acabamento FinoO Fino Acabamento para n\u00f3s da Living M\u00f3veis Especiais [&hellip;]<\/p>\n","protected":false},"author":1,"featured_media":0,"parent":0,"menu_order":0,"comment_status":"closed","ping_status":"closed","template":"","meta":{"_et_pb_use_builder":"on","_et_pb_old_content":"","_et_gb_content_width":""},"_links":{"self":[{"href":"https:\/\/lvgm.com.br\/web\/wp-json\/wp\/v2\/pages\/1314"}],"collection":[{"href":"https:\/\/lvgm.com.br\/web\/wp-json\/wp\/v2\/pages"}],"about":[{"href":"https:\/\/lvgm.com.br\/web\/wp-json\/wp\/v2\/types\/page"}],"author":[{"embeddable":true,"href":"https:\/\/lvgm.com.br\/web\/wp-json\/wp\/v2\/users\/1"}],"replies":[{"embeddable":true,"href":"https:\/\/lvgm.com.br\/web\/wp-json\/wp\/v2\/comments?post=1314"}],"version-history":[{"count":36,"href":"https:\/\/lvgm.com.br\/web\/wp-json\/wp\/v2\/pages\/1314\/revisions"}],"predecessor-version":[{"id":2023,"href":"https:\/\/lvgm.com.br\/web\/wp-json\/wp\/v2\/pages\/1314\/revisions\/2023"}],"wp:attachment":[{"href":"https:\/\/lvgm.com.br\/web\/wp-json\/wp\/v2\/media?parent=1314"}],"curies":[{"name":"wp","href":"https:\/\/api.w.org\/{rel}","templated":true}]}}