{"id":1651,"date":"2022-04-21T21:31:37","date_gmt":"2022-04-21T21:31:37","guid":{"rendered":"https:\/\/lvgm.com.br\/web\/?page_id=1651"},"modified":"2022-05-11T18:19:20","modified_gmt":"2022-05-11T18:19:20","slug":"residencial","status":"publish","type":"page","link":"https:\/\/lvgm.com.br\/web\/residencial\/","title":{"rendered":"Residencial"},"content":{"rendered":"<p>[et_pb_section fb_built=&#8221;1&#8243; _builder_version=&#8221;4.14.7&#8243; _module_preset=&#8221;default&#8221; global_colors_info=&#8221;{}&#8221;][et_pb_row _builder_version=&#8221;4.14.7&#8243; _module_preset=&#8221;default&#8221; global_colors_info=&#8221;{}&#8221;][et_pb_column type=&#8221;4_4&#8243; _builder_version=&#8221;4.14.7&#8243; _module_preset=&#8221;default&#8221; global_colors_info=&#8221;{}&#8221;][et_pb_text _builder_version=&#8221;4.14.7&#8243; _module_preset=&#8221;default&#8221; text_font=&#8221;Asap Condensed|600|||||||&#8221; text_font_size=&#8221;31px&#8221; global_colors_info=&#8221;{}&#8221;]<\/p>\n<p>Residencial<\/p>\n<p>[\/et_pb_text][et_pb_text _builder_version=&#8221;4.14.7&#8243; _module_preset=&#8221;default&#8221; text_font=&#8221;Montserrat|300|||||||&#8221; global_colors_info=&#8221;{}&#8221;]<\/p>\n<p>H\u00e1 mais de 20 anos no mercado a empresa tem como miss\u00e3o a busca incessante por inova\u00e7\u00f5es. Entre nossos grandes diferenciais destacam-se, o design contempor\u00e2neo e sistemas construtivos de alta precis\u00e3o. Contamos tamb\u00e9m com mais de 50 tipos de acabamentos exclusivos, que v\u00e3o desde madeiras, l\u00e2minas naturais, pinturas de alto brilho, a\u00e7o e texturas em 3D. A qualidade est\u00e1 presente desde a fabrica\u00e7\u00e3o, montagem e assist\u00eancia de nossos produtos, como tamb\u00e9m em nossos servi\u00e7os de projeto. Por tudo isso, a marca Living representa seguran\u00e7a e garantia.<\/p>\n<p>[\/et_pb_text][\/et_pb_column][\/et_pb_row][\/et_pb_section][et_pb_section fb_built=&#8221;1&#8243; _builder_version=&#8221;4.14.7&#8243; _module_preset=&#8221;default&#8221; custom_padding=&#8221;0px|0px|0px|0px|false|false&#8221; global_colors_info=&#8221;{}&#8221;][et_pb_row column_structure=&#8221;1_3,1_3,1_3&#8243; use_custom_gutter=&#8221;on&#8221; gutter_width=&#8221;1&#8243; make_equal=&#8221;on&#8221; _builder_version=&#8221;4.14.7&#8243; _module_preset=&#8221;default&#8221; width=&#8221;100%&#8221; max_width=&#8221;1980px&#8221; custom_margin=&#8221;0px|0px|0px|0px|false|false&#8221; custom_padding=&#8221;0px|0px|0px|0px|false|false&#8221; global_colors_info=&#8221;{}&#8221;][et_pb_column type=&#8221;1_3&#8243; _builder_version=&#8221;4.14.7&#8243; _module_preset=&#8221;default&#8221; global_colors_info=&#8221;{}&#8221;][dsm_tilt_image src=&#8221;https:\/\/lvgm.com.br\/web\/wp-content\/uploads\/2022\/04\/1-2.jpeg&#8221; title_text=&#8221;1&#8243; url=&#8221;https:\/\/lvgm.com.br\/web\/project\/quartos\/&#8221; dsm_tilt_scale=&#8221;1.1&#8243; dsm_tilt_max=&#8221;0&#8243; dsm_use_glare=&#8221;on&#8221; use_overlay=&#8221;on&#8221; icon=&#8221;&#xe050;||divi||400&#8243; dsm_overlay_title=&#8221;QUARTOS&#8221; dsm_overlay_on_hover=&#8221;on&#8221; _builder_version=&#8221;4.14.7&#8243; _module_preset=&#8221;default&#8221; header_font=&#8221;|300|||||||&#8221; global_colors_info=&#8221;{}&#8221;][\/dsm_tilt_image][\/et_pb_column][et_pb_column type=&#8221;1_3&#8243; _builder_version=&#8221;4.14.7&#8243; _module_preset=&#8221;default&#8221; global_colors_info=&#8221;{}&#8221;][dsm_tilt_image src=&#8221;https:\/\/lvgm.com.br\/web\/wp-content\/uploads\/2022\/04\/8.jpeg&#8221; title_text=&#8221;8&#8243; url=&#8221;https:\/\/lvgm.com.br\/web\/project\/cozinhas\/&#8221; dsm_tilt_scale=&#8221;1.1&#8243; dsm_tilt_max=&#8221;0&#8243; dsm_use_glare=&#8221;on&#8221; use_overlay=&#8221;on&#8221; icon=&#8221;&#xe050;||divi||400&#8243; dsm_overlay_title=&#8221;COZINHAS&#8221; dsm_overlay_on_hover=&#8221;on&#8221; _builder_version=&#8221;4.14.7&#8243; _module_preset=&#8221;default&#8221; header_font=&#8221;|300|||||||&#8221; global_colors_info=&#8221;{}&#8221;][\/dsm_tilt_image][\/et_pb_column][et_pb_column type=&#8221;1_3&#8243; _builder_version=&#8221;4.14.7&#8243; _module_preset=&#8221;default&#8221; global_colors_info=&#8221;{}&#8221;][dsm_tilt_image src=&#8221;https:\/\/lvgm.com.br\/web\/wp-content\/uploads\/2022\/04\/3-1.jpeg&#8221; title_text=&#8221;3&#8243; url=&#8221;https:\/\/lvgm.com.br\/web\/project\/breeze\/&#8221; dsm_tilt_scale=&#8221;1.1&#8243; dsm_tilt_max=&#8221;0&#8243; dsm_use_glare=&#8221;on&#8221; use_overlay=&#8221;on&#8221; icon=&#8221;&#xe050;||divi||400&#8243; dsm_overlay_title=&#8221;BREEZE&#8221; dsm_overlay_on_hover=&#8221;on&#8221; _builder_version=&#8221;4.14.7&#8243; _module_preset=&#8221;default&#8221; header_font=&#8221;|300|||||||&#8221; global_colors_info=&#8221;{}&#8221;][\/dsm_tilt_image][\/et_pb_column][\/et_pb_row][et_pb_row column_structure=&#8221;1_3,1_3,1_3&#8243; use_custom_gutter=&#8221;on&#8221; gutter_width=&#8221;1&#8243; make_equal=&#8221;on&#8221; _builder_version=&#8221;4.14.7&#8243; _module_preset=&#8221;default&#8221; width=&#8221;100%&#8221; max_width=&#8221;1980px&#8221; custom_margin=&#8221;0px|0px|0px|0px|false|false&#8221; custom_padding=&#8221;0px|0px|0px|0px|false|false&#8221; global_colors_info=&#8221;{}&#8221;][et_pb_column type=&#8221;1_3&#8243; _builder_version=&#8221;4.14.7&#8243; _module_preset=&#8221;default&#8221; global_colors_info=&#8221;{}&#8221;][dsm_tilt_image src=&#8221;https:\/\/lvgm.com.br\/web\/wp-content\/uploads\/2022\/04\/4_wc.jpg&#8221; title_text=&#8221;4_wc&#8221; url=&#8221;https:\/\/lvgm.com.br\/web\/project\/banheiros\/&#8221; dsm_tilt_scale=&#8221;1.1&#8243; dsm_tilt_max=&#8221;0&#8243; dsm_use_glare=&#8221;on&#8221; use_overlay=&#8221;on&#8221; icon=&#8221;&#xe050;||divi||400&#8243; dsm_overlay_title=&#8221;BANHEIROS E LAVABOS&#8221; dsm_overlay_on_hover=&#8221;on&#8221; _builder_version=&#8221;4.14.7&#8243; _module_preset=&#8221;default&#8221; header_font=&#8221;|300|||||||&#8221; hover_enabled=&#8221;0&#8243; global_colors_info=&#8221;{}&#8221; sticky_enabled=&#8221;0&#8243;][\/dsm_tilt_image][\/et_pb_column][et_pb_column type=&#8221;1_3&#8243; _builder_version=&#8221;4.14.7&#8243; _module_preset=&#8221;default&#8221; global_colors_info=&#8221;{}&#8221;][dsm_tilt_image src=&#8221;https:\/\/lvgm.com.br\/web\/wp-content\/uploads\/2022\/04\/5.jpeg&#8221; title_text=&#8221;5&#8243; url=&#8221;https:\/\/lvgm.com.br\/web\/project\/area-externa\/&#8221; dsm_tilt_scale=&#8221;1.1&#8243; dsm_tilt_max=&#8221;0&#8243; dsm_use_glare=&#8221;on&#8221; use_overlay=&#8221;on&#8221; icon=&#8221;&#xe050;||divi||400&#8243; dsm_overlay_title=&#8221;\u00c1REA EXTERNA&#8221; dsm_overlay_on_hover=&#8221;on&#8221; _builder_version=&#8221;4.14.7&#8243; _module_preset=&#8221;default&#8221; header_font=&#8221;|300|||||||&#8221; global_colors_info=&#8221;{}&#8221;][\/dsm_tilt_image][\/et_pb_column][et_pb_column type=&#8221;1_3&#8243; _builder_version=&#8221;4.14.7&#8243; _module_preset=&#8221;default&#8221; global_colors_info=&#8221;{}&#8221;][dsm_tilt_image src=&#8221;https:\/\/lvgm.com.br\/web\/wp-content\/uploads\/2022\/04\/WhatsApp-Image-2022-01-27-at-09.53.12-1.jpeg&#8221; title_text=&#8221;WhatsApp Image 2022-01-27 at 09.53.12 (1)&#8221; url=&#8221;https:\/\/lvgm.com.br\/web\/project\/sala-de-estar\/&#8221; dsm_tilt_scale=&#8221;1.1&#8243; dsm_tilt_max=&#8221;0&#8243; dsm_use_glare=&#8221;on&#8221; use_overlay=&#8221;on&#8221; icon=&#8221;&#xe050;||divi||400&#8243; dsm_overlay_title=&#8221;SALA DE ESTAR&#8221; dsm_overlay_on_hover=&#8221;on&#8221; _builder_version=&#8221;4.14.7&#8243; _module_preset=&#8221;default&#8221; header_font=&#8221;|300|||||||&#8221; global_colors_info=&#8221;{}&#8221;][\/dsm_tilt_image][\/et_pb_column][\/et_pb_row][\/et_pb_section][et_pb_section fb_built=&#8221;1&#8243; _builder_version=&#8221;4.14.7&#8243; _module_preset=&#8221;default&#8221; global_colors_info=&#8221;{}&#8221;][\/et_pb_section][et_pb_section fb_built=&#8221;1&#8243; specialty=&#8221;on&#8221; _builder_version=&#8221;4.14.7&#8243; _module_preset=&#8221;default&#8221; background_image=&#8221;https:\/\/lvgm.com.br\/web\/wp-content\/uploads\/2022\/04\/site_living_bg_book.jpg&#8221; parallax=&#8221;on&#8221; parallax_method=&#8221;off&#8221; animation_style=&#8221;slide&#8221; animation_direction=&#8221;top&#8221; global_module=&#8221;1732&#8243; saved_tabs=&#8221;all&#8221; global_colors_info=&#8221;{}&#8221;][et_pb_column type=&#8221;1_2&#8243; _builder_version=&#8221;3.25&#8243; custom_padding=&#8221;|||&#8221; global_colors_info=&#8221;{}&#8221; custom_padding__hover=&#8221;|||&#8221;][et_pb_image src=&#8221;https:\/\/lvgm.com.br\/web\/wp-content\/uploads\/2022\/04\/site_living_book.png&#8221; title_text=&#8221;site_living_book&#8221; _builder_version=&#8221;4.14.7&#8243; _module_preset=&#8221;default&#8221; global_colors_info=&#8221;{}&#8221;][\/et_pb_image][\/et_pb_column][et_pb_column type=&#8221;1_2&#8243; specialty_columns=&#8221;2&#8243; _builder_version=&#8221;3.25&#8243; custom_padding=&#8221;|||&#8221; global_colors_info=&#8221;{}&#8221; custom_padding__hover=&#8221;|||&#8221;][et_pb_row_inner column_structure=&#8221;undefined&#8221; _builder_version=&#8221;4.14.7&#8243; _module_preset=&#8221;default&#8221; background_enable_color=&#8221;off&#8221; custom_margin=&#8221;30px||||false|false&#8221; custom_padding=&#8221;100px|50px|70px|50px|false|false&#8221; module_alignment_tablet=&#8221;&#8221; module_alignment_phone=&#8221;center&#8221; module_alignment_last_edited=&#8221;on|phone&#8221; global_colors_info=&#8221;{}&#8221;][et_pb_column_inner type=&#8221;undefined&#8221; saved_specialty_column_type=&#8221;1_2&#8243; _builder_version=&#8221;4.14.7&#8243; _module_preset=&#8221;default&#8221; global_colors_info=&#8221;{}&#8221;][et_pb_text _builder_version=&#8221;4.14.7&#8243; _module_preset=&#8221;default&#8221; text_font=&#8221;Asap Condensed|600|||||||&#8221; text_font_size=&#8221;34px&#8221; text_line_height=&#8221;40px&#8221; global_colors_info=&#8221;{}&#8221;]<\/p>\n<p>Cadastre-se e receba<br \/>o nosso E-book!<\/p>\n<p>[\/et_pb_text][et_pb_text _builder_version=&#8221;4.14.7&#8243; _module_preset=&#8221;default&#8221; text_font=&#8221;Montserrat|300|||||||&#8221; text_font_size=&#8221;21px&#8221; global_colors_info=&#8221;{}&#8221;]<\/p>\n<p>Voc\u00ea conhece os trabalhos<br \/>realizados pela<br \/>Living M\u00f3veis Especiais ?<\/p>\n<p>Preencha os campos e<br \/>baixe agora o e-book!<\/p>\n<p>[\/et_pb_text][et_pb_button button_url=&#8221;#cadastre&#8221; button_text=&#8221;Baixe Gr\u00e1tis!&#8221; _builder_version=&#8221;4.14.7&#8243; _module_preset=&#8221;default&#8221; global_colors_info=&#8221;{}&#8221;][\/et_pb_button][\/et_pb_column_inner][\/et_pb_row_inner][\/et_pb_column][\/et_pb_section][et_pb_section fb_built=&#8221;1&#8243; fullwidth=&#8221;on&#8221; _builder_version=&#8221;4.14.7&#8243; _module_preset=&#8221;default&#8221; background_image=&#8221;https:\/\/lvgm.com.br\/web\/wp-content\/uploads\/2022\/04\/6-1.jpeg&#8221; parallax=&#8221;on&#8221; parallax_method=&#8221;off&#8221; custom_padding=&#8221;300px||300px||false|false&#8221; filter_opacity=&#8221;39%&#8221; global_module=&#8221;1734&#8243; saved_tabs=&#8221;all&#8221; global_colors_info=&#8221;{}&#8221;][\/et_pb_section]<\/p>\n","protected":false},"excerpt":{"rendered":"<p>ResidencialH\u00e1 mais de 20 anos no mercado a empresa tem como miss\u00e3o a busca incessante por inova\u00e7\u00f5es. Entre nossos grandes diferenciais destacam-se, o design contempor\u00e2neo e sistemas construtivos de alta precis\u00e3o. Contamos tamb\u00e9m com mais de 50 tipos de acabamentos exclusivos, que v\u00e3o desde madeiras, l\u00e2minas naturais, pinturas de alto brilho, a\u00e7o e texturas em [&hellip;]<\/p>\n","protected":false},"author":1,"featured_media":0,"parent":0,"menu_order":0,"comment_status":"closed","ping_status":"closed","template":"","meta":{"_et_pb_use_builder":"on","_et_pb_old_content":"","_et_gb_content_width":""},"_links":{"self":[{"href":"https:\/\/lvgm.com.br\/web\/wp-json\/wp\/v2\/pages\/1651"}],"collection":[{"href":"https:\/\/lvgm.com.br\/web\/wp-json\/wp\/v2\/pages"}],"about":[{"href":"https:\/\/lvgm.com.br\/web\/wp-json\/wp\/v2\/types\/page"}],"author":[{"embeddable":true,"href":"https:\/\/lvgm.com.br\/web\/wp-json\/wp\/v2\/users\/1"}],"replies":[{"embeddable":true,"href":"https:\/\/lvgm.com.br\/web\/wp-json\/wp\/v2\/comments?post=1651"}],"version-history":[{"count":10,"href":"https:\/\/lvgm.com.br\/web\/wp-json\/wp\/v2\/pages\/1651\/revisions"}],"predecessor-version":[{"id":1994,"href":"https:\/\/lvgm.com.br\/web\/wp-json\/wp\/v2\/pages\/1651\/revisions\/1994"}],"wp:attachment":[{"href":"https:\/\/lvgm.com.br\/web\/wp-json\/wp\/v2\/media?parent=1651"}],"curies":[{"name":"wp","href":"https:\/\/api.w.org\/{rel}","templated":true}]}}