{"id":1672,"date":"2022-04-21T22:10:10","date_gmt":"2022-04-21T22:10:10","guid":{"rendered":"https:\/\/lvgm.com.br\/web\/?page_id=1672"},"modified":"2022-05-23T19:00:00","modified_gmt":"2022-05-23T19:00:00","slug":"corporativo","status":"publish","type":"page","link":"https:\/\/lvgm.com.br\/web\/corporativo\/","title":{"rendered":"Corporativo"},"content":{"rendered":"<p>[et_pb_section fb_built=&#8221;1&#8243; _builder_version=&#8221;4.14.7&#8243; _module_preset=&#8221;default&#8221; hover_enabled=&#8221;0&#8243; global_colors_info=&#8221;{}&#8221; sticky_enabled=&#8221;0&#8243;][et_pb_row _builder_version=&#8221;4.14.7&#8243; _module_preset=&#8221;default&#8221; global_colors_info=&#8221;{}&#8221;][et_pb_column type=&#8221;4_4&#8243; _builder_version=&#8221;4.14.7&#8243; _module_preset=&#8221;default&#8221; global_colors_info=&#8221;{}&#8221;][et_pb_text _builder_version=&#8221;4.14.7&#8243; _module_preset=&#8221;default&#8221; text_font=&#8221;Asap Condensed|600|||||||&#8221; text_font_size=&#8221;31px&#8221; global_colors_info=&#8221;{}&#8221;]<\/p>\n<p>Corporativo<\/p>\n<p>[\/et_pb_text][et_pb_text _builder_version=&#8221;4.14.7&#8243; _module_preset=&#8221;default&#8221; text_font=&#8221;Montserrat|300|||||||&#8221; global_colors_info=&#8221;{}&#8221;]<\/p>\n<div class=\"et_pb_slide_image\">O Ambiente perfeito para a concentrar-se no trabalho, precisa permitir privacidade, confian\u00e7a e bem estar. N\u00f3s da LIVING M\u00d3VEIS ESPECIAIS, harmonizamos tudo isso e muito mais estando \u00e0 frente, do mercado com novidades em decora\u00e7\u00e3o e ambientes integrados. Requinte e materiais nobres tamb\u00e9m pode fazer parte do ambiente corporativo<\/div>\n<p>[\/et_pb_text][\/et_pb_column][\/et_pb_row][\/et_pb_section][et_pb_section fb_built=&#8221;1&#8243; _builder_version=&#8221;4.14.7&#8243; _module_preset=&#8221;default&#8221; custom_padding=&#8221;0px|0px|0px|0px|false|false&#8221; global_colors_info=&#8221;{}&#8221;][et_pb_row column_structure=&#8221;1_2,1_2&#8243; use_custom_gutter=&#8221;on&#8221; gutter_width=&#8221;1&#8243; make_equal=&#8221;on&#8221; _builder_version=&#8221;4.14.7&#8243; _module_preset=&#8221;default&#8221; width=&#8221;100%&#8221; max_width=&#8221;1980px&#8221; custom_margin=&#8221;0px|0px|0px|0px|false|false&#8221; custom_padding=&#8221;0px|0px|0px|0px|false|false&#8221; global_colors_info=&#8221;{}&#8221;][et_pb_column type=&#8221;1_2&#8243; _builder_version=&#8221;4.14.7&#8243; _module_preset=&#8221;default&#8221; global_colors_info=&#8221;{}&#8221;][dsm_tilt_image src=&#8221;https:\/\/lvgm.com.br\/web\/wp-content\/uploads\/2022\/04\/WhatsApp-Image-2022-05-23-at-15.14.36.jpeg&#8221; title_text=&#8221;FOTOGRAFIAS PRONTAS SITE 2-16_editado&#8221; url=&#8221;https:\/\/lvgm.com.br\/web\/project\/corporativo\/&#8221; dsm_tilt_scale=&#8221;1.1&#8243; dsm_tilt_max=&#8221;0&#8243; dsm_use_glare=&#8221;on&#8221; use_overlay=&#8221;on&#8221; icon=&#8221;&#xe050;||divi||400&#8243; dsm_overlay_title=&#8221;CORPORATIVO&#8221; dsm_overlay_on_hover=&#8221;on&#8221; _builder_version=&#8221;4.14.7&#8243; _module_preset=&#8221;default&#8221; header_font=&#8221;|300|||||||&#8221; hover_enabled=&#8221;0&#8243; global_colors_info=&#8221;{}&#8221; sticky_enabled=&#8221;0&#8243;][\/dsm_tilt_image][\/et_pb_column][et_pb_column type=&#8221;1_2&#8243; _builder_version=&#8221;4.14.7&#8243; _module_preset=&#8221;default&#8221; global_colors_info=&#8221;{}&#8221;][\/et_pb_column][\/et_pb_row][\/et_pb_section][et_pb_section fb_built=&#8221;1&#8243; _builder_version=&#8221;4.14.7&#8243; _module_preset=&#8221;default&#8221; global_colors_info=&#8221;{}&#8221;][\/et_pb_section][et_pb_section fb_built=&#8221;1&#8243; specialty=&#8221;on&#8221; _builder_version=&#8221;4.14.7&#8243; _module_preset=&#8221;default&#8221; background_image=&#8221;https:\/\/lvgm.com.br\/web\/wp-content\/uploads\/2022\/04\/site_living_bg_book.jpg&#8221; parallax=&#8221;on&#8221; parallax_method=&#8221;off&#8221; animation_style=&#8221;slide&#8221; animation_direction=&#8221;top&#8221; global_module=&#8221;1732&#8243; saved_tabs=&#8221;all&#8221; global_colors_info=&#8221;{}&#8221;][et_pb_column type=&#8221;1_2&#8243; _builder_version=&#8221;3.25&#8243; custom_padding=&#8221;|||&#8221; global_colors_info=&#8221;{}&#8221; custom_padding__hover=&#8221;|||&#8221;][et_pb_image src=&#8221;https:\/\/lvgm.com.br\/web\/wp-content\/uploads\/2022\/04\/site_living_book.png&#8221; title_text=&#8221;site_living_book&#8221; _builder_version=&#8221;4.14.7&#8243; _module_preset=&#8221;default&#8221; hover_enabled=&#8221;0&#8243; global_colors_info=&#8221;{}&#8221; sticky_enabled=&#8221;0&#8243;][\/et_pb_image][\/et_pb_column][et_pb_column type=&#8221;1_2&#8243; specialty_columns=&#8221;2&#8243; _builder_version=&#8221;3.25&#8243; custom_padding=&#8221;|||&#8221; global_colors_info=&#8221;{}&#8221; custom_padding__hover=&#8221;|||&#8221;][et_pb_row_inner column_structure=&#8221;undefined&#8221; _builder_version=&#8221;4.14.7&#8243; _module_preset=&#8221;default&#8221; background_enable_color=&#8221;off&#8221; custom_margin=&#8221;30px||||false|false&#8221; custom_padding=&#8221;100px|50px|70px|50px|false|false&#8221; module_alignment_tablet=&#8221;&#8221; module_alignment_phone=&#8221;center&#8221; module_alignment_last_edited=&#8221;on|phone&#8221; global_colors_info=&#8221;{}&#8221;][et_pb_column_inner type=&#8221;undefined&#8221; saved_specialty_column_type=&#8221;1_2&#8243; _builder_version=&#8221;4.14.7&#8243; _module_preset=&#8221;default&#8221; global_colors_info=&#8221;{}&#8221;][et_pb_text _builder_version=&#8221;4.14.7&#8243; _module_preset=&#8221;default&#8221; text_font=&#8221;Asap Condensed|600|||||||&#8221; text_font_size=&#8221;34px&#8221; text_line_height=&#8221;40px&#8221; global_colors_info=&#8221;{}&#8221;]<\/p>\n<p>Cadastre-se e receba<br \/>o nosso E-book!<\/p>\n<p>[\/et_pb_text][et_pb_text _builder_version=&#8221;4.14.7&#8243; _module_preset=&#8221;default&#8221; text_font=&#8221;Montserrat|300|||||||&#8221; text_font_size=&#8221;21px&#8221; global_colors_info=&#8221;{}&#8221;]<\/p>\n<p>Voc\u00ea j\u00e1 conhece os trabalhos<br \/>realizados pela Living M\u00f3veis Especiais?<\/p>\n<p>Preencha os campos e<br \/>baixe agora o e-book!<\/p>\n<p><em><strong>(*)Verifique tamb\u00e9m sua &#8220;caixa de spam&#8221;<\/strong><\/em><\/p>\n<p>[\/et_pb_text][et_pb_button button_url=&#8221;#cadastre&#8221; button_text=&#8221;Baixe Gr\u00e1tis!&#8221; _builder_version=&#8221;4.14.7&#8243; _module_preset=&#8221;default&#8221; global_colors_info=&#8221;{}&#8221;][\/et_pb_button][\/et_pb_column_inner][\/et_pb_row_inner][\/et_pb_column][\/et_pb_section][et_pb_section fb_built=&#8221;1&#8243; fullwidth=&#8221;on&#8221; _builder_version=&#8221;4.14.7&#8243; _module_preset=&#8221;default&#8221; background_image=&#8221;https:\/\/lvgm.com.br\/web\/wp-content\/uploads\/2022\/04\/6-1.jpeg&#8221; parallax=&#8221;on&#8221; parallax_method=&#8221;off&#8221; custom_padding=&#8221;300px||300px||false|false&#8221; filter_opacity=&#8221;39%&#8221; global_module=&#8221;1734&#8243; saved_tabs=&#8221;all&#8221; global_colors_info=&#8221;{}&#8221;][\/et_pb_section]<\/p>\n","protected":false},"excerpt":{"rendered":"<p>CorporativoO Ambiente perfeito para a concentrar-se no trabalho, precisa permitir privacidade, confian\u00e7a e bem estar. N\u00f3s da LIVING M\u00d3VEIS ESPECIAIS, harmonizamos tudo isso e muito mais estando \u00e0 frente, do mercado com novidades em decora\u00e7\u00e3o e ambientes integrados. Requinte e materiais nobres tamb\u00e9m pode fazer parte do ambiente corporativo<div class=\"et_pb_module dsm_tilt_image dsm_tilt_image_0\">\n\t\t\t\t\n\t\t\t\t\n\t\t\t\t\n\t\t\t\t\n\t\t\t\t<div class=\"et_pb_module_inner\">\n\t\t\t\t\t<div class=\"dsm-tilt-image-wrapper\" data-tilt data-tilt-max=\"35\" data-tilt-speed=\"300\" data-tilt-perspective=\"1000\" data-tilt-scale=\"1\" data-tilt-mobile-disable=\"off\" data-tilt-reverse=\"true\">\n\t\t\t\t\n\t\t\t\t\n\t\t\t\t<span class=\"et_pb_image_wrap \"><img src=\"&#8221;https:\/\/lvgm.com.br\/web\/wp-content\/uploads\/2022\/04\/WhatsApp-Image-2022-05-23-at-15.14.36.jpeg&#8221;\" alt=\"\" title=\"&#8221;FOTOGRAFIAS\" \/><\/span>\n\t\t\t<\/div>\n\t\t\t\t<\/div>\n\t\t\t<\/div><\/p>\n","protected":false},"author":1,"featured_media":0,"parent":0,"menu_order":0,"comment_status":"closed","ping_status":"closed","template":"","meta":{"_et_pb_use_builder":"on","_et_pb_old_content":"","_et_gb_content_width":""},"_links":{"self":[{"href":"https:\/\/lvgm.com.br\/web\/wp-json\/wp\/v2\/pages\/1672"}],"collection":[{"href":"https:\/\/lvgm.com.br\/web\/wp-json\/wp\/v2\/pages"}],"about":[{"href":"https:\/\/lvgm.com.br\/web\/wp-json\/wp\/v2\/types\/page"}],"author":[{"embeddable":true,"href":"https:\/\/lvgm.com.br\/web\/wp-json\/wp\/v2\/users\/1"}],"replies":[{"embeddable":true,"href":"https:\/\/lvgm.com.br\/web\/wp-json\/wp\/v2\/comments?post=1672"}],"version-history":[{"count":6,"href":"https:\/\/lvgm.com.br\/web\/wp-json\/wp\/v2\/pages\/1672\/revisions"}],"predecessor-version":[{"id":2046,"href":"https:\/\/lvgm.com.br\/web\/wp-json\/wp\/v2\/pages\/1672\/revisions\/2046"}],"wp:attachment":[{"href":"https:\/\/lvgm.com.br\/web\/wp-json\/wp\/v2\/media?parent=1672"}],"curies":[{"name":"wp","href":"https:\/\/api.w.org\/{rel}","templated":true}]}}